{"id":11164,"date":"2025-09-26T12:16:11","date_gmt":"2025-09-26T10:16:11","guid":{"rendered":"https:\/\/www.weareadd.it\/products\/bistr-table-top-80\/"},"modified":"2026-02-20T10:28:58","modified_gmt":"2026-02-20T09:28:58","slug":"bistr-table-top-80","status":"publish","type":"product","link":"https:\/\/www.weareadd.it\/en\/products\/bistr-table-top-80\/","title":{"rendered":"Bistr\u00f2 table top \u00d8 80"},"content":{"rendered":"","protected":false},"excerpt":{"rendered":"<p>Coffee table, h74  \u00d880 Metal frame with 4-star base. Top available in various sizes and finishes.<\/p>\n","protected":false},"featured_media":19160,"parent":0,"menu_order":210,"template":"","meta":{"_acf_changed":false,"footnotes":""},"prod_collection":[178],"prod_category":[148],"class_list":["post-11164","product","type-product","status-publish","has-post-thumbnail","hentry","prod_collection-meet-en","prod_category-tables-en"],"acf":{"cf_prod_sku":"MEE4BD80","cf_prod_header_img":null,"cf_prod_gallery":[21751,19164],"cf_prod_dim_width":"","cf_prod_dim_depth":"","cf_prod_dim_height":"74","cf_prod_dim_diameter":"80","cf_prod_related":[],"cf_prod_uid":"MEE4BD80-EN","cf_prod_files":[{"cf_prod_file_cat":"Render 3\/4","cf_prod_file_title":"PR_3_4_MEE4BD80.psd","cf_prod_file_mime":"psd","cf_prod_file_size":"0.98 MB","cf_prod_file_url":"https:\/\/weareadd.molecola.cloud\/downloadSharedContent\/$44k322049b313116v317359w324328j317738v319121S5c25x312331n312446m319714d316055q323731t312441d314151g315651t322742n319707Z2R57b318035o314549h315002c310557o316653t315640f319742r319512w315659n315647n315545p313118c314408I2526v316253w323630g319104P9122z316538t319029P5c36m3215","cf_prod_file_preview":"https:\/\/weareadd.molecola.cloud\/Data\/DigitalAssets\/Weareadd\/Cache\/da88a7a54f275212b49f97fc6f2ab3c2_300_0_300_BOX_.jpg","cf_prod_file_sku":"759"},{"cf_prod_file_cat":"Gallery","cf_prod_file_title":"MEE4BD80(1).jpg","cf_prod_file_mime":"jpg","cf_prod_file_size":"190.16 KB","cf_prod_file_url":"https:\/\/weareadd.molecola.cloud\/downloadSharedContent\/$22w318847b313146a321300B3I57j323408L4507W1R27r312345q313108J1424g316836p320521L8c55y316605Y8R44e320257w322221R6c27w312335b314213O8k21W3y47v314149c313128d316544q319538x318933p312400f310635c312437s317742t319830x318718I5934r319110y315446u319728a316511t29122l3190","cf_prod_file_preview":"https:\/\/weareadd.molecola.cloud\/Data\/DigitalAssets\/Weareadd\/Cache\/4648536b534cf08c9f449ae7fbe83854_300_300_0_BOX_.jpg","cf_prod_file_sku":"428"},{"cf_prod_file_cat":"Gallery","cf_prod_file_title":"MEE4BD80.jpg","cf_prod_file_mime":"jpg","cf_prod_file_size":"160.90 KB","cf_prod_file_url":"https:\/\/weareadd.molecola.cloud\/downloadSharedContent\/$28g318833d312422N4359a324332d320244e319857k315614y311551z315630i319053k322532c320529K1c01d29251r315602L0900K3411c29112j311519D7m08g29813K7r27A3m07D3R32a319048v319524l316445d313131s314803S4R18z314412i315838o318742o321157n322306R2136u319000D0425B1c30r3215","cf_prod_file_preview":"https:\/\/weareadd.molecola.cloud\/Data\/DigitalAssets\/Weareadd\/Cache\/d4b1a8ec89bbff582710745baafa2599_300_0_300_BOX_.jpg","cf_prod_file_sku":"429"},{"cf_prod_file_cat":"Data sheet","cf_prod_file_title":"MEE4BD80_1.pdf","cf_prod_file_mime":"pdf","cf_prod_file_size":"606.68 KB","cf_prod_file_url":"https:\/\/weareadd.molecola.cloud\/downloadSharedContent\/$52u324535z312404I9D00P3I38b320232l319103I4R27p312351j315612n315714r317326I2211x29155b316659c315634f319826o317034o320036c319715j29139h314833b312457h319912x312643b316608o310059d318831b315827B5y33n313838m318545b314617S9g10V8736x319008R6625F2c39x313421F6c32y319055b322030r318939b312414h311505D2R20s315202W1518w315446l321142c319853g321944k319720j316535v312428q3190","cf_prod_file_preview":"https:\/\/weareadd.molecola.cloud\/Data\/DigitalAssets\/Weareadd\/Cache\/MEE4BD80_1_300_0_300_BOX_.jpg","cf_prod_file_sku":"MEE4BD80_1.pdf"}]},"yoast_head":"<title>Bistr\u00f2 table top \u00d8 80<\/title>\n<meta name=\"robots\" content=\"index, follow, max-snippet:-1, max-image-preview:large, max-video-preview:-1\" \/>\n<link rel=\"canonical\" href=\"https:\/\/www.weareadd.it\/en\/products\/bistr-table-top-80\/\" \/>\n<meta property=\"og:locale\" content=\"en_US\" \/>\n<meta property=\"og:type\" content=\"article\" \/>\n<meta property=\"og:title\" content=\"Bistr\u00f2 table top \u00d8 80\" \/>\n<meta property=\"og:description\" content=\"Coffee table, h74 \u00d880 Metal frame with 4-star base. Top available in various sizes and finishes.\" \/>\n<meta property=\"og:url\" content=\"https:\/\/www.weareadd.it\/en\/products\/bistr-table-top-80\/\" \/>\n<meta property=\"og:site_name\" content=\"ADD\" \/>\n<meta property=\"article:modified_time\" content=\"2026-02-20T09:28:58+00:00\" \/>\n<meta property=\"og:image\" content=\"https:\/\/www.weareadd.it\/wp-content\/uploads\/2025\/11\/PR_3_4_MEE4BD80.jpg\" \/>\n\t<meta property=\"og:image:width\" content=\"1200\" \/>\n\t<meta property=\"og:image:height\" content=\"1600\" \/>\n\t<meta property=\"og:image:type\" content=\"image\/jpeg\" \/>\n<meta name=\"twitter:card\" content=\"summary_large_image\" \/>\n<script type=\"application\/ld+json\" class=\"yoast-schema-graph\">{\"@context\":\"https:\/\/schema.org\",\"@graph\":[{\"@type\":\"WebPage\",\"@id\":\"https:\/\/www.weareadd.it\/en\/products\/bistr-table-top-80\/\",\"url\":\"https:\/\/www.weareadd.it\/en\/products\/bistr-table-top-80\/\",\"name\":\"Bistr\u00f2 table top \u00d8 80\",\"isPartOf\":{\"@id\":\"https:\/\/www.weareadd.it\/en\/#website\"},\"primaryImageOfPage\":{\"@id\":\"https:\/\/www.weareadd.it\/en\/products\/bistr-table-top-80\/#primaryimage\"},\"image\":{\"@id\":\"https:\/\/www.weareadd.it\/en\/products\/bistr-table-top-80\/#primaryimage\"},\"thumbnailUrl\":\"https:\/\/www.weareadd.it\/wp-content\/uploads\/2025\/11\/PR_3_4_MEE4BD80.jpg\",\"datePublished\":\"2025-09-26T10:16:11+00:00\",\"dateModified\":\"2026-02-20T09:28:58+00:00\",\"breadcrumb\":{\"@id\":\"https:\/\/www.weareadd.it\/en\/products\/bistr-table-top-80\/#breadcrumb\"},\"inLanguage\":\"en-US\",\"potentialAction\":[{\"@type\":\"ReadAction\",\"target\":[\"https:\/\/www.weareadd.it\/en\/products\/bistr-table-top-80\/\"]}]},{\"@type\":\"ImageObject\",\"inLanguage\":\"en-US\",\"@id\":\"https:\/\/www.weareadd.it\/en\/products\/bistr-table-top-80\/#primaryimage\",\"url\":\"https:\/\/www.weareadd.it\/wp-content\/uploads\/2025\/11\/PR_3_4_MEE4BD80.jpg\",\"contentUrl\":\"https:\/\/www.weareadd.it\/wp-content\/uploads\/2025\/11\/PR_3_4_MEE4BD80.jpg\",\"width\":1200,\"height\":1600},{\"@type\":\"BreadcrumbList\",\"@id\":\"https:\/\/www.weareadd.it\/en\/products\/bistr-table-top-80\/#breadcrumb\",\"itemListElement\":[{\"@type\":\"ListItem\",\"position\":1,\"name\":\"Home\",\"item\":\"https:\/\/www.weareadd.it\/en\/\"},{\"@type\":\"ListItem\",\"position\":2,\"name\":\"Products\",\"item\":\"https:\/\/www.weareadd.it\/en\/products\/\"},{\"@type\":\"ListItem\",\"position\":3,\"name\":\"Tables\",\"item\":\"https:\/\/www.weareadd.it\/en\/product-categories\/tables-en\/\"},{\"@type\":\"ListItem\",\"position\":4,\"name\":\"Bistr\u00f2 table top \u00d8 80\"}]},{\"@type\":\"WebSite\",\"@id\":\"https:\/\/www.weareadd.it\/en\/#website\",\"url\":\"https:\/\/www.weareadd.it\/en\/\",\"name\":\"ADD\",\"description\":\"\",\"publisher\":{\"@id\":\"https:\/\/www.weareadd.it\/en\/#organization\"},\"alternateName\":\"ADD\",\"potentialAction\":[{\"@type\":\"SearchAction\",\"target\":{\"@type\":\"EntryPoint\",\"urlTemplate\":\"https:\/\/www.weareadd.it\/en\/?s={search_term_string}\"},\"query-input\":{\"@type\":\"PropertyValueSpecification\",\"valueRequired\":true,\"valueName\":\"search_term_string\"}}],\"inLanguage\":\"en-US\"},{\"@type\":\"Organization\",\"@id\":\"https:\/\/www.weareadd.it\/en\/#organization\",\"name\":\"aDD.\",\"url\":\"https:\/\/www.weareadd.it\/en\/\",\"logo\":{\"@type\":\"ImageObject\",\"inLanguage\":\"en-US\",\"@id\":\"https:\/\/www.weareadd.it\/en\/#\/schema\/logo\/image\/\",\"url\":\"https:\/\/www.weareadd.it\/wp-content\/uploads\/2025\/08\/add-full-logo.svg\",\"contentUrl\":\"https:\/\/www.weareadd.it\/wp-content\/uploads\/2025\/08\/add-full-logo.svg\",\"width\":1,\"height\":1,\"caption\":\"aDD.\"},\"image\":{\"@id\":\"https:\/\/www.weareadd.it\/en\/#\/schema\/logo\/image\/\"}}]}<\/script>","yoast_head_json":{"title":"Bistr\u00f2 table top \u00d8 80","robots":{"index":"index","follow":"follow","max-snippet":"max-snippet:-1","max-image-preview":"max-image-preview:large","max-video-preview":"max-video-preview:-1"},"canonical":"https:\/\/www.weareadd.it\/en\/products\/bistr-table-top-80\/","og_locale":"en_US","og_type":"article","og_title":"Bistr\u00f2 table top \u00d8 80","og_description":"Coffee table, h74 \u00d880 Metal frame with 4-star base. Top available in various sizes and finishes.","og_url":"https:\/\/www.weareadd.it\/en\/products\/bistr-table-top-80\/","og_site_name":"ADD","article_modified_time":"2026-02-20T09:28:58+00:00","og_image":[{"width":1200,"height":1600,"url":"https:\/\/www.weareadd.it\/wp-content\/uploads\/2025\/11\/PR_3_4_MEE4BD80.jpg","type":"image\/jpeg"}],"twitter_card":"summary_large_image","schema":{"@context":"https:\/\/schema.org","@graph":[{"@type":"WebPage","@id":"https:\/\/www.weareadd.it\/en\/products\/bistr-table-top-80\/","url":"https:\/\/www.weareadd.it\/en\/products\/bistr-table-top-80\/","name":"Bistr\u00f2 table top \u00d8 80","isPartOf":{"@id":"https:\/\/www.weareadd.it\/en\/#website"},"primaryImageOfPage":{"@id":"https:\/\/www.weareadd.it\/en\/products\/bistr-table-top-80\/#primaryimage"},"image":{"@id":"https:\/\/www.weareadd.it\/en\/products\/bistr-table-top-80\/#primaryimage"},"thumbnailUrl":"https:\/\/www.weareadd.it\/wp-content\/uploads\/2025\/11\/PR_3_4_MEE4BD80.jpg","datePublished":"2025-09-26T10:16:11+00:00","dateModified":"2026-02-20T09:28:58+00:00","breadcrumb":{"@id":"https:\/\/www.weareadd.it\/en\/products\/bistr-table-top-80\/#breadcrumb"},"inLanguage":"en-US","potentialAction":[{"@type":"ReadAction","target":["https:\/\/www.weareadd.it\/en\/products\/bistr-table-top-80\/"]}]},{"@type":"ImageObject","inLanguage":"en-US","@id":"https:\/\/www.weareadd.it\/en\/products\/bistr-table-top-80\/#primaryimage","url":"https:\/\/www.weareadd.it\/wp-content\/uploads\/2025\/11\/PR_3_4_MEE4BD80.jpg","contentUrl":"https:\/\/www.weareadd.it\/wp-content\/uploads\/2025\/11\/PR_3_4_MEE4BD80.jpg","width":1200,"height":1600},{"@type":"BreadcrumbList","@id":"https:\/\/www.weareadd.it\/en\/products\/bistr-table-top-80\/#breadcrumb","itemListElement":[{"@type":"ListItem","position":1,"name":"Home","item":"https:\/\/www.weareadd.it\/en\/"},{"@type":"ListItem","position":2,"name":"Products","item":"https:\/\/www.weareadd.it\/en\/products\/"},{"@type":"ListItem","position":3,"name":"Tables","item":"https:\/\/www.weareadd.it\/en\/product-categories\/tables-en\/"},{"@type":"ListItem","position":4,"name":"Bistr\u00f2 table top \u00d8 80"}]},{"@type":"WebSite","@id":"https:\/\/www.weareadd.it\/en\/#website","url":"https:\/\/www.weareadd.it\/en\/","name":"ADD","description":"","publisher":{"@id":"https:\/\/www.weareadd.it\/en\/#organization"},"alternateName":"ADD","potentialAction":[{"@type":"SearchAction","target":{"@type":"EntryPoint","urlTemplate":"https:\/\/www.weareadd.it\/en\/?s={search_term_string}"},"query-input":{"@type":"PropertyValueSpecification","valueRequired":true,"valueName":"search_term_string"}}],"inLanguage":"en-US"},{"@type":"Organization","@id":"https:\/\/www.weareadd.it\/en\/#organization","name":"aDD.","url":"https:\/\/www.weareadd.it\/en\/","logo":{"@type":"ImageObject","inLanguage":"en-US","@id":"https:\/\/www.weareadd.it\/en\/#\/schema\/logo\/image\/","url":"https:\/\/www.weareadd.it\/wp-content\/uploads\/2025\/08\/add-full-logo.svg","contentUrl":"https:\/\/www.weareadd.it\/wp-content\/uploads\/2025\/08\/add-full-logo.svg","width":1,"height":1,"caption":"aDD."},"image":{"@id":"https:\/\/www.weareadd.it\/en\/#\/schema\/logo\/image\/"}}]}},"_links":{"self":[{"href":"https:\/\/www.weareadd.it\/en\/wp-json\/wp\/v2\/product\/11164","targetHints":{"allow":["GET"]}}],"collection":[{"href":"https:\/\/www.weareadd.it\/en\/wp-json\/wp\/v2\/product"}],"about":[{"href":"https:\/\/www.weareadd.it\/en\/wp-json\/wp\/v2\/types\/product"}],"version-history":[{"count":1,"href":"https:\/\/www.weareadd.it\/en\/wp-json\/wp\/v2\/product\/11164\/revisions"}],"predecessor-version":[{"id":12798,"href":"https:\/\/www.weareadd.it\/en\/wp-json\/wp\/v2\/product\/11164\/revisions\/12798"}],"acf:attachment":[{"embeddable":true,"href":"https:\/\/www.weareadd.it\/en\/wp-json\/wp\/v2\/media\/19164"},{"embeddable":true,"href":"https:\/\/www.weareadd.it\/en\/wp-json\/wp\/v2\/media\/21751"}],"wp:featuredmedia":[{"embeddable":true,"href":"https:\/\/www.weareadd.it\/en\/wp-json\/wp\/v2\/media\/19160"}],"wp:attachment":[{"href":"https:\/\/www.weareadd.it\/en\/wp-json\/wp\/v2\/media?parent=11164"}],"wp:term":[{"taxonomy":"prod_collection","embeddable":true,"href":"https:\/\/www.weareadd.it\/en\/wp-json\/wp\/v2\/prod_collection?post=11164"},{"taxonomy":"prod_category","embeddable":true,"href":"https:\/\/www.weareadd.it\/en\/wp-json\/wp\/v2\/prod_category?post=11164"}],"curies":[{"name":"wp","href":"https:\/\/api.w.org\/{rel}","templated":true}]}}