{"id":11170,"date":"2025-09-26T12:16:19","date_gmt":"2025-09-26T10:16:19","guid":{"rendered":"https:\/\/www.weareadd.it\/products\/bistr-table-top-100\/"},"modified":"2026-02-20T10:29:12","modified_gmt":"2026-02-20T09:29:12","slug":"bistr-table-top-100","status":"publish","type":"product","link":"https:\/\/www.weareadd.it\/en\/products\/bistr-table-top-100\/","title":{"rendered":"Bistr\u00f2 table top \u00d8 100"},"content":{"rendered":"","protected":false},"excerpt":{"rendered":"<p>Coffee table, h74  \u00d8100 Metal frame with 4-star base. Top available in various sizes and finishes.<\/p>\n","protected":false},"featured_media":19168,"parent":0,"menu_order":212,"template":"","meta":{"_acf_changed":false,"footnotes":""},"prod_collection":[178],"prod_category":[148],"class_list":["post-11170","product","type-product","status-publish","has-post-thumbnail","hentry","prod_collection-meet-en","prod_category-tables-en"],"acf":{"cf_prod_sku":"MEE4BD100","cf_prod_header_img":null,"cf_prod_gallery":[],"cf_prod_dim_width":"","cf_prod_dim_depth":"","cf_prod_dim_height":"74","cf_prod_dim_diameter":"110","cf_prod_related":[],"cf_prod_uid":"MEE4BD100-EN","cf_prod_files":[{"cf_prod_file_cat":"Render 3\/4","cf_prod_file_title":"PR_3_4_MEE4BD100.psd","cf_prod_file_mime":"psd","cf_prod_file_size":"1.23 MB","cf_prod_file_url":"https:\/\/weareadd.molecola.cloud\/downloadSharedContent\/$06V1K07E7R32w320620M1834f320202M2525D5c47o315553z315630r319012t316022W5215n29141p314107X2R02Q7934u319023Z7c06s310625O2x04n310243f314633g313401X6R10g315708A3226x316457b315616o311515p29100f313532t319106T8122P6122s316600O4159i322216q315721D1c06Q3M","cf_prod_file_preview":"https:\/\/weareadd.molecola.cloud\/Data\/DigitalAssets\/Weareadd\/Cache\/490e7b2cca50819dc254c7b89a9178ad_300_300_0_BOX_.jpg","cf_prod_file_sku":"761"},{"cf_prod_file_cat":"Data sheet","cf_prod_file_title":"MEE4BD100_1.pdf","cf_prod_file_mime":"pdf","cf_prod_file_size":"611.97 KB","cf_prod_file_url":"https:\/\/weareadd.molecola.cloud\/downloadSharedContent\/$06J5K07W8R44p321351r324314R7755p322349j313118q311531m312459x322251v323814i317251j315601j29201B4R40q320530w319512Z9538j319741m313123d312357m315628l314222q313459a319129Y6u39s315653e319019X0j31w313803o29641z319231a313955w316822y317702E7444q319925V0c21R3m35x312406R6440b319557x322131t312412t311545g313133e317757f322359z321902T1B18y315830m318724z316500F9433b312444w3222","cf_prod_file_preview":"https:\/\/weareadd.molecola.cloud\/Data\/DigitalAssets\/Weareadd\/Cache\/MEE4BD100_1_300_0_300_BOX_.jpg","cf_prod_file_sku":"MEE4BD100_1.pdf"}]},"yoast_head":"<title>Bistr\u00f2 table top \u00d8 100<\/title>\n<meta name=\"robots\" content=\"index, follow, max-snippet:-1, max-image-preview:large, max-video-preview:-1\" \/>\n<link rel=\"canonical\" href=\"https:\/\/www.weareadd.it\/en\/products\/bistr-table-top-100\/\" \/>\n<meta property=\"og:locale\" content=\"en_US\" \/>\n<meta property=\"og:type\" content=\"article\" \/>\n<meta property=\"og:title\" content=\"Bistr\u00f2 table top \u00d8 100\" \/>\n<meta property=\"og:description\" content=\"Coffee table, h74 \u00d8100 Metal frame with 4-star base. Top available in various sizes and finishes.\" \/>\n<meta property=\"og:url\" content=\"https:\/\/www.weareadd.it\/en\/products\/bistr-table-top-100\/\" \/>\n<meta property=\"og:site_name\" content=\"ADD\" \/>\n<meta property=\"article:modified_time\" content=\"2026-02-20T09:29:12+00:00\" \/>\n<meta property=\"og:image\" content=\"https:\/\/www.weareadd.it\/wp-content\/uploads\/2025\/11\/PR_3_4_MEE4BD100.jpg\" \/>\n\t<meta property=\"og:image:width\" content=\"1200\" \/>\n\t<meta property=\"og:image:height\" content=\"1600\" \/>\n\t<meta property=\"og:image:type\" content=\"image\/jpeg\" \/>\n<meta name=\"twitter:card\" content=\"summary_large_image\" \/>\n<script type=\"application\/ld+json\" class=\"yoast-schema-graph\">{\"@context\":\"https:\/\/schema.org\",\"@graph\":[{\"@type\":\"WebPage\",\"@id\":\"https:\/\/www.weareadd.it\/en\/products\/bistr-table-top-100\/\",\"url\":\"https:\/\/www.weareadd.it\/en\/products\/bistr-table-top-100\/\",\"name\":\"Bistr\u00f2 table top \u00d8 100\",\"isPartOf\":{\"@id\":\"https:\/\/www.weareadd.it\/en\/#website\"},\"primaryImageOfPage\":{\"@id\":\"https:\/\/www.weareadd.it\/en\/products\/bistr-table-top-100\/#primaryimage\"},\"image\":{\"@id\":\"https:\/\/www.weareadd.it\/en\/products\/bistr-table-top-100\/#primaryimage\"},\"thumbnailUrl\":\"https:\/\/www.weareadd.it\/wp-content\/uploads\/2025\/11\/PR_3_4_MEE4BD100.jpg\",\"datePublished\":\"2025-09-26T10:16:19+00:00\",\"dateModified\":\"2026-02-20T09:29:12+00:00\",\"breadcrumb\":{\"@id\":\"https:\/\/www.weareadd.it\/en\/products\/bistr-table-top-100\/#breadcrumb\"},\"inLanguage\":\"en-US\",\"potentialAction\":[{\"@type\":\"ReadAction\",\"target\":[\"https:\/\/www.weareadd.it\/en\/products\/bistr-table-top-100\/\"]}]},{\"@type\":\"ImageObject\",\"inLanguage\":\"en-US\",\"@id\":\"https:\/\/www.weareadd.it\/en\/products\/bistr-table-top-100\/#primaryimage\",\"url\":\"https:\/\/www.weareadd.it\/wp-content\/uploads\/2025\/11\/PR_3_4_MEE4BD100.jpg\",\"contentUrl\":\"https:\/\/www.weareadd.it\/wp-content\/uploads\/2025\/11\/PR_3_4_MEE4BD100.jpg\",\"width\":1200,\"height\":1600},{\"@type\":\"BreadcrumbList\",\"@id\":\"https:\/\/www.weareadd.it\/en\/products\/bistr-table-top-100\/#breadcrumb\",\"itemListElement\":[{\"@type\":\"ListItem\",\"position\":1,\"name\":\"Home\",\"item\":\"https:\/\/www.weareadd.it\/en\/\"},{\"@type\":\"ListItem\",\"position\":2,\"name\":\"Products\",\"item\":\"https:\/\/www.weareadd.it\/en\/products\/\"},{\"@type\":\"ListItem\",\"position\":3,\"name\":\"Tables\",\"item\":\"https:\/\/www.weareadd.it\/en\/product-categories\/tables-en\/\"},{\"@type\":\"ListItem\",\"position\":4,\"name\":\"Bistr\u00f2 table top \u00d8 100\"}]},{\"@type\":\"WebSite\",\"@id\":\"https:\/\/www.weareadd.it\/en\/#website\",\"url\":\"https:\/\/www.weareadd.it\/en\/\",\"name\":\"ADD\",\"description\":\"\",\"publisher\":{\"@id\":\"https:\/\/www.weareadd.it\/en\/#organization\"},\"alternateName\":\"ADD\",\"potentialAction\":[{\"@type\":\"SearchAction\",\"target\":{\"@type\":\"EntryPoint\",\"urlTemplate\":\"https:\/\/www.weareadd.it\/en\/?s={search_term_string}\"},\"query-input\":{\"@type\":\"PropertyValueSpecification\",\"valueRequired\":true,\"valueName\":\"search_term_string\"}}],\"inLanguage\":\"en-US\"},{\"@type\":\"Organization\",\"@id\":\"https:\/\/www.weareadd.it\/en\/#organization\",\"name\":\"aDD.\",\"url\":\"https:\/\/www.weareadd.it\/en\/\",\"logo\":{\"@type\":\"ImageObject\",\"inLanguage\":\"en-US\",\"@id\":\"https:\/\/www.weareadd.it\/en\/#\/schema\/logo\/image\/\",\"url\":\"https:\/\/www.weareadd.it\/wp-content\/uploads\/2025\/08\/add-full-logo.svg\",\"contentUrl\":\"https:\/\/www.weareadd.it\/wp-content\/uploads\/2025\/08\/add-full-logo.svg\",\"width\":1,\"height\":1,\"caption\":\"aDD.\"},\"image\":{\"@id\":\"https:\/\/www.weareadd.it\/en\/#\/schema\/logo\/image\/\"}}]}<\/script>","yoast_head_json":{"title":"Bistr\u00f2 table top \u00d8 100","robots":{"index":"index","follow":"follow","max-snippet":"max-snippet:-1","max-image-preview":"max-image-preview:large","max-video-preview":"max-video-preview:-1"},"canonical":"https:\/\/www.weareadd.it\/en\/products\/bistr-table-top-100\/","og_locale":"en_US","og_type":"article","og_title":"Bistr\u00f2 table top \u00d8 100","og_description":"Coffee table, h74 \u00d8100 Metal frame with 4-star base. Top available in various sizes and finishes.","og_url":"https:\/\/www.weareadd.it\/en\/products\/bistr-table-top-100\/","og_site_name":"ADD","article_modified_time":"2026-02-20T09:29:12+00:00","og_image":[{"width":1200,"height":1600,"url":"https:\/\/www.weareadd.it\/wp-content\/uploads\/2025\/11\/PR_3_4_MEE4BD100.jpg","type":"image\/jpeg"}],"twitter_card":"summary_large_image","schema":{"@context":"https:\/\/schema.org","@graph":[{"@type":"WebPage","@id":"https:\/\/www.weareadd.it\/en\/products\/bistr-table-top-100\/","url":"https:\/\/www.weareadd.it\/en\/products\/bistr-table-top-100\/","name":"Bistr\u00f2 table top \u00d8 100","isPartOf":{"@id":"https:\/\/www.weareadd.it\/en\/#website"},"primaryImageOfPage":{"@id":"https:\/\/www.weareadd.it\/en\/products\/bistr-table-top-100\/#primaryimage"},"image":{"@id":"https:\/\/www.weareadd.it\/en\/products\/bistr-table-top-100\/#primaryimage"},"thumbnailUrl":"https:\/\/www.weareadd.it\/wp-content\/uploads\/2025\/11\/PR_3_4_MEE4BD100.jpg","datePublished":"2025-09-26T10:16:19+00:00","dateModified":"2026-02-20T09:29:12+00:00","breadcrumb":{"@id":"https:\/\/www.weareadd.it\/en\/products\/bistr-table-top-100\/#breadcrumb"},"inLanguage":"en-US","potentialAction":[{"@type":"ReadAction","target":["https:\/\/www.weareadd.it\/en\/products\/bistr-table-top-100\/"]}]},{"@type":"ImageObject","inLanguage":"en-US","@id":"https:\/\/www.weareadd.it\/en\/products\/bistr-table-top-100\/#primaryimage","url":"https:\/\/www.weareadd.it\/wp-content\/uploads\/2025\/11\/PR_3_4_MEE4BD100.jpg","contentUrl":"https:\/\/www.weareadd.it\/wp-content\/uploads\/2025\/11\/PR_3_4_MEE4BD100.jpg","width":1200,"height":1600},{"@type":"BreadcrumbList","@id":"https:\/\/www.weareadd.it\/en\/products\/bistr-table-top-100\/#breadcrumb","itemListElement":[{"@type":"ListItem","position":1,"name":"Home","item":"https:\/\/www.weareadd.it\/en\/"},{"@type":"ListItem","position":2,"name":"Products","item":"https:\/\/www.weareadd.it\/en\/products\/"},{"@type":"ListItem","position":3,"name":"Tables","item":"https:\/\/www.weareadd.it\/en\/product-categories\/tables-en\/"},{"@type":"ListItem","position":4,"name":"Bistr\u00f2 table top \u00d8 100"}]},{"@type":"WebSite","@id":"https:\/\/www.weareadd.it\/en\/#website","url":"https:\/\/www.weareadd.it\/en\/","name":"ADD","description":"","publisher":{"@id":"https:\/\/www.weareadd.it\/en\/#organization"},"alternateName":"ADD","potentialAction":[{"@type":"SearchAction","target":{"@type":"EntryPoint","urlTemplate":"https:\/\/www.weareadd.it\/en\/?s={search_term_string}"},"query-input":{"@type":"PropertyValueSpecification","valueRequired":true,"valueName":"search_term_string"}}],"inLanguage":"en-US"},{"@type":"Organization","@id":"https:\/\/www.weareadd.it\/en\/#organization","name":"aDD.","url":"https:\/\/www.weareadd.it\/en\/","logo":{"@type":"ImageObject","inLanguage":"en-US","@id":"https:\/\/www.weareadd.it\/en\/#\/schema\/logo\/image\/","url":"https:\/\/www.weareadd.it\/wp-content\/uploads\/2025\/08\/add-full-logo.svg","contentUrl":"https:\/\/www.weareadd.it\/wp-content\/uploads\/2025\/08\/add-full-logo.svg","width":1,"height":1,"caption":"aDD."},"image":{"@id":"https:\/\/www.weareadd.it\/en\/#\/schema\/logo\/image\/"}}]}},"_links":{"self":[{"href":"https:\/\/www.weareadd.it\/en\/wp-json\/wp\/v2\/product\/11170","targetHints":{"allow":["GET"]}}],"collection":[{"href":"https:\/\/www.weareadd.it\/en\/wp-json\/wp\/v2\/product"}],"about":[{"href":"https:\/\/www.weareadd.it\/en\/wp-json\/wp\/v2\/types\/product"}],"version-history":[{"count":2,"href":"https:\/\/www.weareadd.it\/en\/wp-json\/wp\/v2\/product\/11170\/revisions"}],"predecessor-version":[{"id":13811,"href":"https:\/\/www.weareadd.it\/en\/wp-json\/wp\/v2\/product\/11170\/revisions\/13811"}],"wp:featuredmedia":[{"embeddable":true,"href":"https:\/\/www.weareadd.it\/en\/wp-json\/wp\/v2\/media\/19168"}],"wp:attachment":[{"href":"https:\/\/www.weareadd.it\/en\/wp-json\/wp\/v2\/media?parent=11170"}],"wp:term":[{"taxonomy":"prod_collection","embeddable":true,"href":"https:\/\/www.weareadd.it\/en\/wp-json\/wp\/v2\/prod_collection?post=11170"},{"taxonomy":"prod_category","embeddable":true,"href":"https:\/\/www.weareadd.it\/en\/wp-json\/wp\/v2\/prod_category?post=11170"}],"curies":[{"name":"wp","href":"https:\/\/api.w.org\/{rel}","templated":true}]}}