{"id":11188,"date":"2025-09-26T12:16:46","date_gmt":"2025-09-26T10:16:46","guid":{"rendered":"https:\/\/www.weareadd.it\/products\/high-bistr-table-top-80\/"},"modified":"2026-02-20T10:29:53","modified_gmt":"2026-02-20T09:29:53","slug":"high-bistr-table-top-80","status":"publish","type":"product","link":"https:\/\/www.weareadd.it\/en\/products\/high-bistr-table-top-80\/","title":{"rendered":"High Bistr\u00f2 table top \u00d8 80"},"content":{"rendered":"","protected":false},"excerpt":{"rendered":"<p>Coffee table, h105 \u00d880 Metal frame with 4-star base. Top available in various sizes and finishes.<\/p>\n","protected":false},"featured_media":19180,"parent":0,"menu_order":218,"template":"","meta":{"_acf_changed":false,"footnotes":""},"prod_collection":[178],"prod_category":[148],"class_list":["post-11188","product","type-product","status-publish","has-post-thumbnail","hentry","prod_collection-meet-en","prod_category-tables-en"],"acf":{"cf_prod_sku":"MEE4HBD80","cf_prod_header_img":null,"cf_prod_gallery":[],"cf_prod_dim_width":"","cf_prod_dim_depth":"","cf_prod_dim_height":"105","cf_prod_dim_diameter":"80","cf_prod_related":[],"cf_prod_uid":"MEE4HBD80-EN","cf_prod_files":[{"cf_prod_file_cat":"Render 3\/4","cf_prod_file_title":"PR_3_4_MEE4HBD80.psd","cf_prod_file_mime":"psd","cf_prod_file_size":"1.24 MB","cf_prod_file_url":"https:\/\/weareadd.molecola.cloud\/downloadSharedContent\/$20j318807U7R22Z2308U9I16S8740e319811w29123k312353o315630u319000W6748k321205L1R03n29239w312402Y2942a319731e312427w312313C8p21T5x06t310137y313437q312440u319748n319559y322143q313137m314829S1c35t317716n315859y321924W7130p319108W9153i322246e319727E8c36i3215","cf_prod_file_preview":"https:\/\/weareadd.molecola.cloud\/Data\/DigitalAssets\/Weareadd\/Cache\/decbbc45979a757eec92ba0c81ac0d69_300_0_300_BOX_.jpg","cf_prod_file_sku":"775"},{"cf_prod_file_cat":"Data sheet","cf_prod_file_title":"MEE4HBD80_1.pdf","cf_prod_file_mime":"pdf","cf_prod_file_size":"601.19 KB","cf_prod_file_url":"https:\/\/weareadd.molecola.cloud\/downloadSharedContent\/$34t321337m312408J4D30b321126f317744v319825A4c39b314807U9R10e315726I4318r317231l312453r316641n313110A9351w322757g323228t317209G2R35x314831s312412e313453i319157h319131y314226p313726h313104q311602y310425Q5q49p319225Y4r47w314328t317700P3408L6651z315637v313457h315608M2422x316351c322123O9c39w314835f312422p315206I1526k316238r320434q319134z318714v315708N6459m315620h3190","cf_prod_file_preview":"https:\/\/weareadd.molecola.cloud\/Data\/DigitalAssets\/Weareadd\/Cache\/MEE4HBD80_1_300_0_300_BOX_.jpg","cf_prod_file_sku":"MEE4HBD80_1.pdf"}]},"yoast_head":"<title>High Bistr\u00f2 table top \u00d8 80<\/title>\n<meta name=\"robots\" content=\"index, follow, max-snippet:-1, max-image-preview:large, max-video-preview:-1\" \/>\n<link rel=\"canonical\" href=\"https:\/\/www.weareadd.it\/en\/products\/high-bistr-table-top-80\/\" \/>\n<meta property=\"og:locale\" content=\"en_US\" \/>\n<meta property=\"og:type\" content=\"article\" \/>\n<meta property=\"og:title\" content=\"High Bistr\u00f2 table top \u00d8 80\" \/>\n<meta property=\"og:description\" content=\"Coffee table, h105 \u00d880 Metal frame with 4-star base. Top available in various sizes and finishes.\" \/>\n<meta property=\"og:url\" content=\"https:\/\/www.weareadd.it\/en\/products\/high-bistr-table-top-80\/\" \/>\n<meta property=\"og:site_name\" content=\"ADD\" \/>\n<meta property=\"article:modified_time\" content=\"2026-02-20T09:29:53+00:00\" \/>\n<meta property=\"og:image\" content=\"https:\/\/www.weareadd.it\/wp-content\/uploads\/2025\/11\/PR_3_4_MEE4HBD80.jpg\" \/>\n\t<meta property=\"og:image:width\" content=\"1200\" \/>\n\t<meta property=\"og:image:height\" content=\"1600\" \/>\n\t<meta property=\"og:image:type\" content=\"image\/jpeg\" \/>\n<meta name=\"twitter:card\" content=\"summary_large_image\" \/>\n<script type=\"application\/ld+json\" class=\"yoast-schema-graph\">{\"@context\":\"https:\/\/schema.org\",\"@graph\":[{\"@type\":\"WebPage\",\"@id\":\"https:\/\/www.weareadd.it\/en\/products\/high-bistr-table-top-80\/\",\"url\":\"https:\/\/www.weareadd.it\/en\/products\/high-bistr-table-top-80\/\",\"name\":\"High Bistr\u00f2 table top \u00d8 80\",\"isPartOf\":{\"@id\":\"https:\/\/www.weareadd.it\/en\/#website\"},\"primaryImageOfPage\":{\"@id\":\"https:\/\/www.weareadd.it\/en\/products\/high-bistr-table-top-80\/#primaryimage\"},\"image\":{\"@id\":\"https:\/\/www.weareadd.it\/en\/products\/high-bistr-table-top-80\/#primaryimage\"},\"thumbnailUrl\":\"https:\/\/www.weareadd.it\/wp-content\/uploads\/2025\/11\/PR_3_4_MEE4HBD80.jpg\",\"datePublished\":\"2025-09-26T10:16:46+00:00\",\"dateModified\":\"2026-02-20T09:29:53+00:00\",\"breadcrumb\":{\"@id\":\"https:\/\/www.weareadd.it\/en\/products\/high-bistr-table-top-80\/#breadcrumb\"},\"inLanguage\":\"en-US\",\"potentialAction\":[{\"@type\":\"ReadAction\",\"target\":[\"https:\/\/www.weareadd.it\/en\/products\/high-bistr-table-top-80\/\"]}]},{\"@type\":\"ImageObject\",\"inLanguage\":\"en-US\",\"@id\":\"https:\/\/www.weareadd.it\/en\/products\/high-bistr-table-top-80\/#primaryimage\",\"url\":\"https:\/\/www.weareadd.it\/wp-content\/uploads\/2025\/11\/PR_3_4_MEE4HBD80.jpg\",\"contentUrl\":\"https:\/\/www.weareadd.it\/wp-content\/uploads\/2025\/11\/PR_3_4_MEE4HBD80.jpg\",\"width\":1200,\"height\":1600},{\"@type\":\"BreadcrumbList\",\"@id\":\"https:\/\/www.weareadd.it\/en\/products\/high-bistr-table-top-80\/#breadcrumb\",\"itemListElement\":[{\"@type\":\"ListItem\",\"position\":1,\"name\":\"Home\",\"item\":\"https:\/\/www.weareadd.it\/en\/\"},{\"@type\":\"ListItem\",\"position\":2,\"name\":\"Products\",\"item\":\"https:\/\/www.weareadd.it\/en\/products\/\"},{\"@type\":\"ListItem\",\"position\":3,\"name\":\"Tables\",\"item\":\"https:\/\/www.weareadd.it\/en\/product-categories\/tables-en\/\"},{\"@type\":\"ListItem\",\"position\":4,\"name\":\"High Bistr\u00f2 table top \u00d8 80\"}]},{\"@type\":\"WebSite\",\"@id\":\"https:\/\/www.weareadd.it\/en\/#website\",\"url\":\"https:\/\/www.weareadd.it\/en\/\",\"name\":\"ADD\",\"description\":\"\",\"publisher\":{\"@id\":\"https:\/\/www.weareadd.it\/en\/#organization\"},\"alternateName\":\"ADD\",\"potentialAction\":[{\"@type\":\"SearchAction\",\"target\":{\"@type\":\"EntryPoint\",\"urlTemplate\":\"https:\/\/www.weareadd.it\/en\/?s={search_term_string}\"},\"query-input\":{\"@type\":\"PropertyValueSpecification\",\"valueRequired\":true,\"valueName\":\"search_term_string\"}}],\"inLanguage\":\"en-US\"},{\"@type\":\"Organization\",\"@id\":\"https:\/\/www.weareadd.it\/en\/#organization\",\"name\":\"aDD.\",\"url\":\"https:\/\/www.weareadd.it\/en\/\",\"logo\":{\"@type\":\"ImageObject\",\"inLanguage\":\"en-US\",\"@id\":\"https:\/\/www.weareadd.it\/en\/#\/schema\/logo\/image\/\",\"url\":\"https:\/\/www.weareadd.it\/wp-content\/uploads\/2025\/08\/add-full-logo.svg\",\"contentUrl\":\"https:\/\/www.weareadd.it\/wp-content\/uploads\/2025\/08\/add-full-logo.svg\",\"width\":1,\"height\":1,\"caption\":\"aDD.\"},\"image\":{\"@id\":\"https:\/\/www.weareadd.it\/en\/#\/schema\/logo\/image\/\"}}]}<\/script>","yoast_head_json":{"title":"High Bistr\u00f2 table top \u00d8 80","robots":{"index":"index","follow":"follow","max-snippet":"max-snippet:-1","max-image-preview":"max-image-preview:large","max-video-preview":"max-video-preview:-1"},"canonical":"https:\/\/www.weareadd.it\/en\/products\/high-bistr-table-top-80\/","og_locale":"en_US","og_type":"article","og_title":"High Bistr\u00f2 table top \u00d8 80","og_description":"Coffee table, h105 \u00d880 Metal frame with 4-star base. Top available in various sizes and finishes.","og_url":"https:\/\/www.weareadd.it\/en\/products\/high-bistr-table-top-80\/","og_site_name":"ADD","article_modified_time":"2026-02-20T09:29:53+00:00","og_image":[{"width":1200,"height":1600,"url":"https:\/\/www.weareadd.it\/wp-content\/uploads\/2025\/11\/PR_3_4_MEE4HBD80.jpg","type":"image\/jpeg"}],"twitter_card":"summary_large_image","schema":{"@context":"https:\/\/schema.org","@graph":[{"@type":"WebPage","@id":"https:\/\/www.weareadd.it\/en\/products\/high-bistr-table-top-80\/","url":"https:\/\/www.weareadd.it\/en\/products\/high-bistr-table-top-80\/","name":"High Bistr\u00f2 table top \u00d8 80","isPartOf":{"@id":"https:\/\/www.weareadd.it\/en\/#website"},"primaryImageOfPage":{"@id":"https:\/\/www.weareadd.it\/en\/products\/high-bistr-table-top-80\/#primaryimage"},"image":{"@id":"https:\/\/www.weareadd.it\/en\/products\/high-bistr-table-top-80\/#primaryimage"},"thumbnailUrl":"https:\/\/www.weareadd.it\/wp-content\/uploads\/2025\/11\/PR_3_4_MEE4HBD80.jpg","datePublished":"2025-09-26T10:16:46+00:00","dateModified":"2026-02-20T09:29:53+00:00","breadcrumb":{"@id":"https:\/\/www.weareadd.it\/en\/products\/high-bistr-table-top-80\/#breadcrumb"},"inLanguage":"en-US","potentialAction":[{"@type":"ReadAction","target":["https:\/\/www.weareadd.it\/en\/products\/high-bistr-table-top-80\/"]}]},{"@type":"ImageObject","inLanguage":"en-US","@id":"https:\/\/www.weareadd.it\/en\/products\/high-bistr-table-top-80\/#primaryimage","url":"https:\/\/www.weareadd.it\/wp-content\/uploads\/2025\/11\/PR_3_4_MEE4HBD80.jpg","contentUrl":"https:\/\/www.weareadd.it\/wp-content\/uploads\/2025\/11\/PR_3_4_MEE4HBD80.jpg","width":1200,"height":1600},{"@type":"BreadcrumbList","@id":"https:\/\/www.weareadd.it\/en\/products\/high-bistr-table-top-80\/#breadcrumb","itemListElement":[{"@type":"ListItem","position":1,"name":"Home","item":"https:\/\/www.weareadd.it\/en\/"},{"@type":"ListItem","position":2,"name":"Products","item":"https:\/\/www.weareadd.it\/en\/products\/"},{"@type":"ListItem","position":3,"name":"Tables","item":"https:\/\/www.weareadd.it\/en\/product-categories\/tables-en\/"},{"@type":"ListItem","position":4,"name":"High Bistr\u00f2 table top \u00d8 80"}]},{"@type":"WebSite","@id":"https:\/\/www.weareadd.it\/en\/#website","url":"https:\/\/www.weareadd.it\/en\/","name":"ADD","description":"","publisher":{"@id":"https:\/\/www.weareadd.it\/en\/#organization"},"alternateName":"ADD","potentialAction":[{"@type":"SearchAction","target":{"@type":"EntryPoint","urlTemplate":"https:\/\/www.weareadd.it\/en\/?s={search_term_string}"},"query-input":{"@type":"PropertyValueSpecification","valueRequired":true,"valueName":"search_term_string"}}],"inLanguage":"en-US"},{"@type":"Organization","@id":"https:\/\/www.weareadd.it\/en\/#organization","name":"aDD.","url":"https:\/\/www.weareadd.it\/en\/","logo":{"@type":"ImageObject","inLanguage":"en-US","@id":"https:\/\/www.weareadd.it\/en\/#\/schema\/logo\/image\/","url":"https:\/\/www.weareadd.it\/wp-content\/uploads\/2025\/08\/add-full-logo.svg","contentUrl":"https:\/\/www.weareadd.it\/wp-content\/uploads\/2025\/08\/add-full-logo.svg","width":1,"height":1,"caption":"aDD."},"image":{"@id":"https:\/\/www.weareadd.it\/en\/#\/schema\/logo\/image\/"}}]}},"_links":{"self":[{"href":"https:\/\/www.weareadd.it\/en\/wp-json\/wp\/v2\/product\/11188","targetHints":{"allow":["GET"]}}],"collection":[{"href":"https:\/\/www.weareadd.it\/en\/wp-json\/wp\/v2\/product"}],"about":[{"href":"https:\/\/www.weareadd.it\/en\/wp-json\/wp\/v2\/types\/product"}],"version-history":[{"count":1,"href":"https:\/\/www.weareadd.it\/en\/wp-json\/wp\/v2\/product\/11188\/revisions"}],"predecessor-version":[{"id":12822,"href":"https:\/\/www.weareadd.it\/en\/wp-json\/wp\/v2\/product\/11188\/revisions\/12822"}],"wp:featuredmedia":[{"embeddable":true,"href":"https:\/\/www.weareadd.it\/en\/wp-json\/wp\/v2\/media\/19180"}],"wp:attachment":[{"href":"https:\/\/www.weareadd.it\/en\/wp-json\/wp\/v2\/media?parent=11188"}],"wp:term":[{"taxonomy":"prod_collection","embeddable":true,"href":"https:\/\/www.weareadd.it\/en\/wp-json\/wp\/v2\/prod_collection?post=11188"},{"taxonomy":"prod_category","embeddable":true,"href":"https:\/\/www.weareadd.it\/en\/wp-json\/wp\/v2\/prod_category?post=11188"}],"curies":[{"name":"wp","href":"https:\/\/api.w.org\/{rel}","templated":true}]}}