{"id":11191,"date":"2025-09-26T12:16:51","date_gmt":"2025-09-26T10:16:51","guid":{"rendered":"https:\/\/www.weareadd.it\/products\/high-bistr-table-top-90\/"},"modified":"2026-02-20T10:30:00","modified_gmt":"2026-02-20T09:30:00","slug":"high-bistr-table-top-90","status":"publish","type":"product","link":"https:\/\/www.weareadd.it\/en\/products\/high-bistr-table-top-90\/","title":{"rendered":"High Bistr\u00f2 table top \u00d8 90"},"content":{"rendered":"","protected":false},"excerpt":{"rendered":"<p>Coffee table, h105 \u00d890 Metal frame with 4-star base. Top available in various sizes and finishes.<\/p>\n","protected":false},"featured_media":19182,"parent":0,"menu_order":219,"template":"","meta":{"_acf_changed":false,"footnotes":""},"prod_collection":[178],"prod_category":[148],"class_list":["post-11191","product","type-product","status-publish","has-post-thumbnail","hentry","prod_collection-meet-en","prod_category-tables-en"],"acf":{"cf_prod_sku":"MEE4HBD90","cf_prod_header_img":null,"cf_prod_gallery":[],"cf_prod_dim_width":"","cf_prod_dim_depth":"","cf_prod_dim_height":"105","cf_prod_dim_diameter":"90","cf_prod_related":[],"cf_prod_uid":"MEE4HBD90-EN","cf_prod_files":[{"cf_prod_file_cat":"Render 3\/4","cf_prod_file_title":"PR_3_4_MEE4HBD90.psd","cf_prod_file_mime":"psd","cf_prod_file_size":"1.32 MB","cf_prod_file_url":"https:\/\/weareadd.molecola.cloud\/downloadSharedContent\/$46u322013k29102J4D18j317812C5728v316635a312425f312343g313134q319026r316836n320559k315613F7e31n312424d317024d316505C6R00v310615K7p57x317702u310231c313425V4c06E0448r319512g315659w315618h311505S8R57q320932u319145j319438i320420a316602A6146u319722s316551q315656o3247","cf_prod_file_preview":"https:\/\/weareadd.molecola.cloud\/Data\/DigitalAssets\/Weareadd\/Cache\/18879a3813ebeafea135d47f4396ea49_300_0_300_BOX_.jpg","cf_prod_file_sku":"776"},{"cf_prod_file_cat":"Data sheet","cf_prod_file_title":"MEE4HBD90_1.pdf","cf_prod_file_mime":"pdf","cf_prod_file_size":"602.19 KB","cf_prod_file_url":"https:\/\/weareadd.molecola.cloud\/downloadSharedContent\/$28t318855u315600I9D34z321136v320212t315855a315604h310649k313128k316522T0342y321249l313153a316619p29151s323024e317016Q2530b319759f315616q311533l312406a312539v315916s312604s310000j312006q311404a311649s315413G9i26q316013Y8j07e29457y323438k319030o319227F3c23C8m39i312426r316544b319540m319629X8c27m312345m313104k313514d315851y321942q321144e319836g318755q322222d316531v312410S0D","cf_prod_file_preview":"https:\/\/weareadd.molecola.cloud\/Data\/DigitalAssets\/Weareadd\/Cache\/MEE4HBD90_1_300_0_300_BOX_.jpg","cf_prod_file_sku":"MEE4HBD90_1.pdf"}]},"yoast_head":"<title>High Bistr\u00f2 table top \u00d8 90<\/title>\n<meta name=\"robots\" content=\"index, follow, max-snippet:-1, max-image-preview:large, max-video-preview:-1\" \/>\n<link rel=\"canonical\" href=\"https:\/\/www.weareadd.it\/en\/products\/high-bistr-table-top-90\/\" \/>\n<meta property=\"og:locale\" content=\"en_US\" \/>\n<meta property=\"og:type\" content=\"article\" \/>\n<meta property=\"og:title\" content=\"High Bistr\u00f2 table top \u00d8 90\" \/>\n<meta property=\"og:description\" content=\"Coffee table, h105 \u00d890 Metal frame with 4-star base. Top available in various sizes and finishes.\" \/>\n<meta property=\"og:url\" content=\"https:\/\/www.weareadd.it\/en\/products\/high-bistr-table-top-90\/\" \/>\n<meta property=\"og:site_name\" content=\"ADD\" \/>\n<meta property=\"article:modified_time\" content=\"2026-02-20T09:30:00+00:00\" \/>\n<meta property=\"og:image\" content=\"https:\/\/www.weareadd.it\/wp-content\/uploads\/2025\/11\/PR_3_4_MEE4HBD90.jpg\" \/>\n\t<meta property=\"og:image:width\" content=\"1200\" \/>\n\t<meta property=\"og:image:height\" content=\"1600\" \/>\n\t<meta property=\"og:image:type\" content=\"image\/jpeg\" \/>\n<meta name=\"twitter:card\" content=\"summary_large_image\" \/>\n<script type=\"application\/ld+json\" class=\"yoast-schema-graph\">{\"@context\":\"https:\/\/schema.org\",\"@graph\":[{\"@type\":\"WebPage\",\"@id\":\"https:\/\/www.weareadd.it\/en\/products\/high-bistr-table-top-90\/\",\"url\":\"https:\/\/www.weareadd.it\/en\/products\/high-bistr-table-top-90\/\",\"name\":\"High Bistr\u00f2 table top \u00d8 90\",\"isPartOf\":{\"@id\":\"https:\/\/www.weareadd.it\/en\/#website\"},\"primaryImageOfPage\":{\"@id\":\"https:\/\/www.weareadd.it\/en\/products\/high-bistr-table-top-90\/#primaryimage\"},\"image\":{\"@id\":\"https:\/\/www.weareadd.it\/en\/products\/high-bistr-table-top-90\/#primaryimage\"},\"thumbnailUrl\":\"https:\/\/www.weareadd.it\/wp-content\/uploads\/2025\/11\/PR_3_4_MEE4HBD90.jpg\",\"datePublished\":\"2025-09-26T10:16:51+00:00\",\"dateModified\":\"2026-02-20T09:30:00+00:00\",\"breadcrumb\":{\"@id\":\"https:\/\/www.weareadd.it\/en\/products\/high-bistr-table-top-90\/#breadcrumb\"},\"inLanguage\":\"en-US\",\"potentialAction\":[{\"@type\":\"ReadAction\",\"target\":[\"https:\/\/www.weareadd.it\/en\/products\/high-bistr-table-top-90\/\"]}]},{\"@type\":\"ImageObject\",\"inLanguage\":\"en-US\",\"@id\":\"https:\/\/www.weareadd.it\/en\/products\/high-bistr-table-top-90\/#primaryimage\",\"url\":\"https:\/\/www.weareadd.it\/wp-content\/uploads\/2025\/11\/PR_3_4_MEE4HBD90.jpg\",\"contentUrl\":\"https:\/\/www.weareadd.it\/wp-content\/uploads\/2025\/11\/PR_3_4_MEE4HBD90.jpg\",\"width\":1200,\"height\":1600},{\"@type\":\"BreadcrumbList\",\"@id\":\"https:\/\/www.weareadd.it\/en\/products\/high-bistr-table-top-90\/#breadcrumb\",\"itemListElement\":[{\"@type\":\"ListItem\",\"position\":1,\"name\":\"Home\",\"item\":\"https:\/\/www.weareadd.it\/en\/\"},{\"@type\":\"ListItem\",\"position\":2,\"name\":\"Products\",\"item\":\"https:\/\/www.weareadd.it\/en\/products\/\"},{\"@type\":\"ListItem\",\"position\":3,\"name\":\"Tables\",\"item\":\"https:\/\/www.weareadd.it\/en\/product-categories\/tables-en\/\"},{\"@type\":\"ListItem\",\"position\":4,\"name\":\"High Bistr\u00f2 table top \u00d8 90\"}]},{\"@type\":\"WebSite\",\"@id\":\"https:\/\/www.weareadd.it\/en\/#website\",\"url\":\"https:\/\/www.weareadd.it\/en\/\",\"name\":\"ADD\",\"description\":\"\",\"publisher\":{\"@id\":\"https:\/\/www.weareadd.it\/en\/#organization\"},\"alternateName\":\"ADD\",\"potentialAction\":[{\"@type\":\"SearchAction\",\"target\":{\"@type\":\"EntryPoint\",\"urlTemplate\":\"https:\/\/www.weareadd.it\/en\/?s={search_term_string}\"},\"query-input\":{\"@type\":\"PropertyValueSpecification\",\"valueRequired\":true,\"valueName\":\"search_term_string\"}}],\"inLanguage\":\"en-US\"},{\"@type\":\"Organization\",\"@id\":\"https:\/\/www.weareadd.it\/en\/#organization\",\"name\":\"aDD.\",\"url\":\"https:\/\/www.weareadd.it\/en\/\",\"logo\":{\"@type\":\"ImageObject\",\"inLanguage\":\"en-US\",\"@id\":\"https:\/\/www.weareadd.it\/en\/#\/schema\/logo\/image\/\",\"url\":\"https:\/\/www.weareadd.it\/wp-content\/uploads\/2025\/08\/add-full-logo.svg\",\"contentUrl\":\"https:\/\/www.weareadd.it\/wp-content\/uploads\/2025\/08\/add-full-logo.svg\",\"width\":1,\"height\":1,\"caption\":\"aDD.\"},\"image\":{\"@id\":\"https:\/\/www.weareadd.it\/en\/#\/schema\/logo\/image\/\"}}]}<\/script>","yoast_head_json":{"title":"High Bistr\u00f2 table top \u00d8 90","robots":{"index":"index","follow":"follow","max-snippet":"max-snippet:-1","max-image-preview":"max-image-preview:large","max-video-preview":"max-video-preview:-1"},"canonical":"https:\/\/www.weareadd.it\/en\/products\/high-bistr-table-top-90\/","og_locale":"en_US","og_type":"article","og_title":"High Bistr\u00f2 table top \u00d8 90","og_description":"Coffee table, h105 \u00d890 Metal frame with 4-star base. Top available in various sizes and finishes.","og_url":"https:\/\/www.weareadd.it\/en\/products\/high-bistr-table-top-90\/","og_site_name":"ADD","article_modified_time":"2026-02-20T09:30:00+00:00","og_image":[{"width":1200,"height":1600,"url":"https:\/\/www.weareadd.it\/wp-content\/uploads\/2025\/11\/PR_3_4_MEE4HBD90.jpg","type":"image\/jpeg"}],"twitter_card":"summary_large_image","schema":{"@context":"https:\/\/schema.org","@graph":[{"@type":"WebPage","@id":"https:\/\/www.weareadd.it\/en\/products\/high-bistr-table-top-90\/","url":"https:\/\/www.weareadd.it\/en\/products\/high-bistr-table-top-90\/","name":"High Bistr\u00f2 table top \u00d8 90","isPartOf":{"@id":"https:\/\/www.weareadd.it\/en\/#website"},"primaryImageOfPage":{"@id":"https:\/\/www.weareadd.it\/en\/products\/high-bistr-table-top-90\/#primaryimage"},"image":{"@id":"https:\/\/www.weareadd.it\/en\/products\/high-bistr-table-top-90\/#primaryimage"},"thumbnailUrl":"https:\/\/www.weareadd.it\/wp-content\/uploads\/2025\/11\/PR_3_4_MEE4HBD90.jpg","datePublished":"2025-09-26T10:16:51+00:00","dateModified":"2026-02-20T09:30:00+00:00","breadcrumb":{"@id":"https:\/\/www.weareadd.it\/en\/products\/high-bistr-table-top-90\/#breadcrumb"},"inLanguage":"en-US","potentialAction":[{"@type":"ReadAction","target":["https:\/\/www.weareadd.it\/en\/products\/high-bistr-table-top-90\/"]}]},{"@type":"ImageObject","inLanguage":"en-US","@id":"https:\/\/www.weareadd.it\/en\/products\/high-bistr-table-top-90\/#primaryimage","url":"https:\/\/www.weareadd.it\/wp-content\/uploads\/2025\/11\/PR_3_4_MEE4HBD90.jpg","contentUrl":"https:\/\/www.weareadd.it\/wp-content\/uploads\/2025\/11\/PR_3_4_MEE4HBD90.jpg","width":1200,"height":1600},{"@type":"BreadcrumbList","@id":"https:\/\/www.weareadd.it\/en\/products\/high-bistr-table-top-90\/#breadcrumb","itemListElement":[{"@type":"ListItem","position":1,"name":"Home","item":"https:\/\/www.weareadd.it\/en\/"},{"@type":"ListItem","position":2,"name":"Products","item":"https:\/\/www.weareadd.it\/en\/products\/"},{"@type":"ListItem","position":3,"name":"Tables","item":"https:\/\/www.weareadd.it\/en\/product-categories\/tables-en\/"},{"@type":"ListItem","position":4,"name":"High Bistr\u00f2 table top \u00d8 90"}]},{"@type":"WebSite","@id":"https:\/\/www.weareadd.it\/en\/#website","url":"https:\/\/www.weareadd.it\/en\/","name":"ADD","description":"","publisher":{"@id":"https:\/\/www.weareadd.it\/en\/#organization"},"alternateName":"ADD","potentialAction":[{"@type":"SearchAction","target":{"@type":"EntryPoint","urlTemplate":"https:\/\/www.weareadd.it\/en\/?s={search_term_string}"},"query-input":{"@type":"PropertyValueSpecification","valueRequired":true,"valueName":"search_term_string"}}],"inLanguage":"en-US"},{"@type":"Organization","@id":"https:\/\/www.weareadd.it\/en\/#organization","name":"aDD.","url":"https:\/\/www.weareadd.it\/en\/","logo":{"@type":"ImageObject","inLanguage":"en-US","@id":"https:\/\/www.weareadd.it\/en\/#\/schema\/logo\/image\/","url":"https:\/\/www.weareadd.it\/wp-content\/uploads\/2025\/08\/add-full-logo.svg","contentUrl":"https:\/\/www.weareadd.it\/wp-content\/uploads\/2025\/08\/add-full-logo.svg","width":1,"height":1,"caption":"aDD."},"image":{"@id":"https:\/\/www.weareadd.it\/en\/#\/schema\/logo\/image\/"}}]}},"_links":{"self":[{"href":"https:\/\/www.weareadd.it\/en\/wp-json\/wp\/v2\/product\/11191","targetHints":{"allow":["GET"]}}],"collection":[{"href":"https:\/\/www.weareadd.it\/en\/wp-json\/wp\/v2\/product"}],"about":[{"href":"https:\/\/www.weareadd.it\/en\/wp-json\/wp\/v2\/types\/product"}],"version-history":[{"count":2,"href":"https:\/\/www.weareadd.it\/en\/wp-json\/wp\/v2\/product\/11191\/revisions"}],"predecessor-version":[{"id":13816,"href":"https:\/\/www.weareadd.it\/en\/wp-json\/wp\/v2\/product\/11191\/revisions\/13816"}],"wp:featuredmedia":[{"embeddable":true,"href":"https:\/\/www.weareadd.it\/en\/wp-json\/wp\/v2\/media\/19182"}],"wp:attachment":[{"href":"https:\/\/www.weareadd.it\/en\/wp-json\/wp\/v2\/media?parent=11191"}],"wp:term":[{"taxonomy":"prod_collection","embeddable":true,"href":"https:\/\/www.weareadd.it\/en\/wp-json\/wp\/v2\/prod_collection?post=11191"},{"taxonomy":"prod_category","embeddable":true,"href":"https:\/\/www.weareadd.it\/en\/wp-json\/wp\/v2\/prod_category?post=11191"}],"curies":[{"name":"wp","href":"https:\/\/api.w.org\/{rel}","templated":true}]}}