{"id":11194,"date":"2025-09-26T12:16:55","date_gmt":"2025-09-26T10:16:55","guid":{"rendered":"https:\/\/www.weareadd.it\/products\/high-bistr-table-top-100\/"},"modified":"2026-02-20T10:30:08","modified_gmt":"2026-02-20T09:30:08","slug":"high-bistr-table-top-100","status":"publish","type":"product","link":"https:\/\/www.weareadd.it\/en\/products\/high-bistr-table-top-100\/","title":{"rendered":"High Bistr\u00f2 table top \u00d8 100"},"content":{"rendered":"","protected":false},"excerpt":{"rendered":"<p>Coffee table, h105 \u00d8100 Metal frame with 4-star base. Top available in various sizes and finishes.<\/p>\n","protected":false},"featured_media":19184,"parent":0,"menu_order":220,"template":"","meta":{"_acf_changed":false,"footnotes":""},"prod_collection":[178],"prod_category":[148],"class_list":["post-11194","product","type-product","status-publish","has-post-thumbnail","hentry","prod_collection-meet-en","prod_category-tables-en"],"acf":{"cf_prod_sku":"MEE4HBD100","cf_prod_header_img":null,"cf_prod_gallery":[],"cf_prod_dim_width":"","cf_prod_dim_depth":"","cf_prod_dim_height":"105","cf_prod_dim_diameter":"100","cf_prod_related":[],"cf_prod_uid":"MEE4HBD100-EN","cf_prod_files":[{"cf_prod_file_cat":"Render 3\/4","cf_prod_file_title":"PR_3_4_MEE4HBD100.psd","cf_prod_file_mime":"psd","cf_prod_file_size":"1.36 MB","cf_prod_file_url":"https:\/\/weareadd.molecola.cloud\/downloadSharedContent\/$22i318845d313134r320600A5I34c320255j322335u312443i315515x29136s319053k322534p320537k312405d29253g315653w322757n322245k313116w311533t314551g317729J1x37q313455l315655y322234p318802A1327Y5c00f310635q312420w315228d316632r318708C3B53d322338v318738y319014d315753o315646e3222","cf_prod_file_preview":"https:\/\/weareadd.molecola.cloud\/Data\/DigitalAssets\/Weareadd\/Cache\/9a0f310faae232cfd38e02f21cc5a087_300_0_300_BOX_.jpg","cf_prod_file_sku":"777"},{"cf_prod_file_cat":"Data sheet","cf_prod_file_title":"MEE4HBD100_1.pdf","cf_prod_file_mime":"pdf","cf_prod_file_size":"603.98 KB","cf_prod_file_url":"https:\/\/weareadd.molecola.cloud\/downloadSharedContent\/$54b324515n29116j317332t321153p323453z322333j312441v315545r313136q319010g317342x321241f313143n314109W6R36k319851p322724n317557c322903J0R04a310653k315647e317453p319122l313429H8u45r316904b311412e312506n29725Z8q27M6q16w315247y314607u29428t317716p315744x319923R0c17V4e17e29126q316532f318842a319641d313112s311527E4c51j320918s315804K3100G3B55f322359n321924e316538n319009P6R08X5M","cf_prod_file_preview":"https:\/\/weareadd.molecola.cloud\/Data\/DigitalAssets\/Weareadd\/Cache\/MEE4HBD100_1_300_0_300_BOX_.jpg","cf_prod_file_sku":"MEE4HBD100_1.pdf"}]},"yoast_head":"<title>High Bistr\u00f2 table top \u00d8 100<\/title>\n<meta name=\"robots\" content=\"index, follow, max-snippet:-1, max-image-preview:large, max-video-preview:-1\" \/>\n<link rel=\"canonical\" href=\"https:\/\/www.weareadd.it\/en\/products\/high-bistr-table-top-100\/\" \/>\n<meta property=\"og:locale\" content=\"en_US\" \/>\n<meta property=\"og:type\" content=\"article\" \/>\n<meta property=\"og:title\" content=\"High Bistr\u00f2 table top \u00d8 100\" \/>\n<meta property=\"og:description\" content=\"Coffee table, h105 \u00d8100 Metal frame with 4-star base. Top available in various sizes and finishes.\" \/>\n<meta property=\"og:url\" content=\"https:\/\/www.weareadd.it\/en\/products\/high-bistr-table-top-100\/\" \/>\n<meta property=\"og:site_name\" content=\"ADD\" \/>\n<meta property=\"article:modified_time\" content=\"2026-02-20T09:30:08+00:00\" \/>\n<meta property=\"og:image\" content=\"https:\/\/www.weareadd.it\/wp-content\/uploads\/2025\/11\/PR_3_4_MEE4HBD100.jpg\" \/>\n\t<meta property=\"og:image:width\" content=\"1200\" \/>\n\t<meta property=\"og:image:height\" content=\"1600\" \/>\n\t<meta property=\"og:image:type\" content=\"image\/jpeg\" \/>\n<meta name=\"twitter:card\" content=\"summary_large_image\" \/>\n<script type=\"application\/ld+json\" class=\"yoast-schema-graph\">{\"@context\":\"https:\/\/schema.org\",\"@graph\":[{\"@type\":\"WebPage\",\"@id\":\"https:\/\/www.weareadd.it\/en\/products\/high-bistr-table-top-100\/\",\"url\":\"https:\/\/www.weareadd.it\/en\/products\/high-bistr-table-top-100\/\",\"name\":\"High Bistr\u00f2 table top \u00d8 100\",\"isPartOf\":{\"@id\":\"https:\/\/www.weareadd.it\/en\/#website\"},\"primaryImageOfPage\":{\"@id\":\"https:\/\/www.weareadd.it\/en\/products\/high-bistr-table-top-100\/#primaryimage\"},\"image\":{\"@id\":\"https:\/\/www.weareadd.it\/en\/products\/high-bistr-table-top-100\/#primaryimage\"},\"thumbnailUrl\":\"https:\/\/www.weareadd.it\/wp-content\/uploads\/2025\/11\/PR_3_4_MEE4HBD100.jpg\",\"datePublished\":\"2025-09-26T10:16:55+00:00\",\"dateModified\":\"2026-02-20T09:30:08+00:00\",\"breadcrumb\":{\"@id\":\"https:\/\/www.weareadd.it\/en\/products\/high-bistr-table-top-100\/#breadcrumb\"},\"inLanguage\":\"en-US\",\"potentialAction\":[{\"@type\":\"ReadAction\",\"target\":[\"https:\/\/www.weareadd.it\/en\/products\/high-bistr-table-top-100\/\"]}]},{\"@type\":\"ImageObject\",\"inLanguage\":\"en-US\",\"@id\":\"https:\/\/www.weareadd.it\/en\/products\/high-bistr-table-top-100\/#primaryimage\",\"url\":\"https:\/\/www.weareadd.it\/wp-content\/uploads\/2025\/11\/PR_3_4_MEE4HBD100.jpg\",\"contentUrl\":\"https:\/\/www.weareadd.it\/wp-content\/uploads\/2025\/11\/PR_3_4_MEE4HBD100.jpg\",\"width\":1200,\"height\":1600},{\"@type\":\"BreadcrumbList\",\"@id\":\"https:\/\/www.weareadd.it\/en\/products\/high-bistr-table-top-100\/#breadcrumb\",\"itemListElement\":[{\"@type\":\"ListItem\",\"position\":1,\"name\":\"Home\",\"item\":\"https:\/\/www.weareadd.it\/en\/\"},{\"@type\":\"ListItem\",\"position\":2,\"name\":\"Products\",\"item\":\"https:\/\/www.weareadd.it\/en\/products\/\"},{\"@type\":\"ListItem\",\"position\":3,\"name\":\"Tables\",\"item\":\"https:\/\/www.weareadd.it\/en\/product-categories\/tables-en\/\"},{\"@type\":\"ListItem\",\"position\":4,\"name\":\"High Bistr\u00f2 table top \u00d8 100\"}]},{\"@type\":\"WebSite\",\"@id\":\"https:\/\/www.weareadd.it\/en\/#website\",\"url\":\"https:\/\/www.weareadd.it\/en\/\",\"name\":\"ADD\",\"description\":\"\",\"publisher\":{\"@id\":\"https:\/\/www.weareadd.it\/en\/#organization\"},\"alternateName\":\"ADD\",\"potentialAction\":[{\"@type\":\"SearchAction\",\"target\":{\"@type\":\"EntryPoint\",\"urlTemplate\":\"https:\/\/www.weareadd.it\/en\/?s={search_term_string}\"},\"query-input\":{\"@type\":\"PropertyValueSpecification\",\"valueRequired\":true,\"valueName\":\"search_term_string\"}}],\"inLanguage\":\"en-US\"},{\"@type\":\"Organization\",\"@id\":\"https:\/\/www.weareadd.it\/en\/#organization\",\"name\":\"aDD.\",\"url\":\"https:\/\/www.weareadd.it\/en\/\",\"logo\":{\"@type\":\"ImageObject\",\"inLanguage\":\"en-US\",\"@id\":\"https:\/\/www.weareadd.it\/en\/#\/schema\/logo\/image\/\",\"url\":\"https:\/\/www.weareadd.it\/wp-content\/uploads\/2025\/08\/add-full-logo.svg\",\"contentUrl\":\"https:\/\/www.weareadd.it\/wp-content\/uploads\/2025\/08\/add-full-logo.svg\",\"width\":1,\"height\":1,\"caption\":\"aDD.\"},\"image\":{\"@id\":\"https:\/\/www.weareadd.it\/en\/#\/schema\/logo\/image\/\"}}]}<\/script>","yoast_head_json":{"title":"High Bistr\u00f2 table top \u00d8 100","robots":{"index":"index","follow":"follow","max-snippet":"max-snippet:-1","max-image-preview":"max-image-preview:large","max-video-preview":"max-video-preview:-1"},"canonical":"https:\/\/www.weareadd.it\/en\/products\/high-bistr-table-top-100\/","og_locale":"en_US","og_type":"article","og_title":"High Bistr\u00f2 table top \u00d8 100","og_description":"Coffee table, h105 \u00d8100 Metal frame with 4-star base. Top available in various sizes and finishes.","og_url":"https:\/\/www.weareadd.it\/en\/products\/high-bistr-table-top-100\/","og_site_name":"ADD","article_modified_time":"2026-02-20T09:30:08+00:00","og_image":[{"width":1200,"height":1600,"url":"https:\/\/www.weareadd.it\/wp-content\/uploads\/2025\/11\/PR_3_4_MEE4HBD100.jpg","type":"image\/jpeg"}],"twitter_card":"summary_large_image","schema":{"@context":"https:\/\/schema.org","@graph":[{"@type":"WebPage","@id":"https:\/\/www.weareadd.it\/en\/products\/high-bistr-table-top-100\/","url":"https:\/\/www.weareadd.it\/en\/products\/high-bistr-table-top-100\/","name":"High Bistr\u00f2 table top \u00d8 100","isPartOf":{"@id":"https:\/\/www.weareadd.it\/en\/#website"},"primaryImageOfPage":{"@id":"https:\/\/www.weareadd.it\/en\/products\/high-bistr-table-top-100\/#primaryimage"},"image":{"@id":"https:\/\/www.weareadd.it\/en\/products\/high-bistr-table-top-100\/#primaryimage"},"thumbnailUrl":"https:\/\/www.weareadd.it\/wp-content\/uploads\/2025\/11\/PR_3_4_MEE4HBD100.jpg","datePublished":"2025-09-26T10:16:55+00:00","dateModified":"2026-02-20T09:30:08+00:00","breadcrumb":{"@id":"https:\/\/www.weareadd.it\/en\/products\/high-bistr-table-top-100\/#breadcrumb"},"inLanguage":"en-US","potentialAction":[{"@type":"ReadAction","target":["https:\/\/www.weareadd.it\/en\/products\/high-bistr-table-top-100\/"]}]},{"@type":"ImageObject","inLanguage":"en-US","@id":"https:\/\/www.weareadd.it\/en\/products\/high-bistr-table-top-100\/#primaryimage","url":"https:\/\/www.weareadd.it\/wp-content\/uploads\/2025\/11\/PR_3_4_MEE4HBD100.jpg","contentUrl":"https:\/\/www.weareadd.it\/wp-content\/uploads\/2025\/11\/PR_3_4_MEE4HBD100.jpg","width":1200,"height":1600},{"@type":"BreadcrumbList","@id":"https:\/\/www.weareadd.it\/en\/products\/high-bistr-table-top-100\/#breadcrumb","itemListElement":[{"@type":"ListItem","position":1,"name":"Home","item":"https:\/\/www.weareadd.it\/en\/"},{"@type":"ListItem","position":2,"name":"Products","item":"https:\/\/www.weareadd.it\/en\/products\/"},{"@type":"ListItem","position":3,"name":"Tables","item":"https:\/\/www.weareadd.it\/en\/product-categories\/tables-en\/"},{"@type":"ListItem","position":4,"name":"High Bistr\u00f2 table top \u00d8 100"}]},{"@type":"WebSite","@id":"https:\/\/www.weareadd.it\/en\/#website","url":"https:\/\/www.weareadd.it\/en\/","name":"ADD","description":"","publisher":{"@id":"https:\/\/www.weareadd.it\/en\/#organization"},"alternateName":"ADD","potentialAction":[{"@type":"SearchAction","target":{"@type":"EntryPoint","urlTemplate":"https:\/\/www.weareadd.it\/en\/?s={search_term_string}"},"query-input":{"@type":"PropertyValueSpecification","valueRequired":true,"valueName":"search_term_string"}}],"inLanguage":"en-US"},{"@type":"Organization","@id":"https:\/\/www.weareadd.it\/en\/#organization","name":"aDD.","url":"https:\/\/www.weareadd.it\/en\/","logo":{"@type":"ImageObject","inLanguage":"en-US","@id":"https:\/\/www.weareadd.it\/en\/#\/schema\/logo\/image\/","url":"https:\/\/www.weareadd.it\/wp-content\/uploads\/2025\/08\/add-full-logo.svg","contentUrl":"https:\/\/www.weareadd.it\/wp-content\/uploads\/2025\/08\/add-full-logo.svg","width":1,"height":1,"caption":"aDD."},"image":{"@id":"https:\/\/www.weareadd.it\/en\/#\/schema\/logo\/image\/"}}]}},"_links":{"self":[{"href":"https:\/\/www.weareadd.it\/en\/wp-json\/wp\/v2\/product\/11194","targetHints":{"allow":["GET"]}}],"collection":[{"href":"https:\/\/www.weareadd.it\/en\/wp-json\/wp\/v2\/product"}],"about":[{"href":"https:\/\/www.weareadd.it\/en\/wp-json\/wp\/v2\/types\/product"}],"version-history":[{"count":2,"href":"https:\/\/www.weareadd.it\/en\/wp-json\/wp\/v2\/product\/11194\/revisions"}],"predecessor-version":[{"id":13817,"href":"https:\/\/www.weareadd.it\/en\/wp-json\/wp\/v2\/product\/11194\/revisions\/13817"}],"wp:featuredmedia":[{"embeddable":true,"href":"https:\/\/www.weareadd.it\/en\/wp-json\/wp\/v2\/media\/19184"}],"wp:attachment":[{"href":"https:\/\/www.weareadd.it\/en\/wp-json\/wp\/v2\/media?parent=11194"}],"wp:term":[{"taxonomy":"prod_collection","embeddable":true,"href":"https:\/\/www.weareadd.it\/en\/wp-json\/wp\/v2\/prod_collection?post=11194"},{"taxonomy":"prod_category","embeddable":true,"href":"https:\/\/www.weareadd.it\/en\/wp-json\/wp\/v2\/prod_category?post=11194"}],"curies":[{"name":"wp","href":"https:\/\/api.w.org\/{rel}","templated":true}]}}